{"id":309,"date":"2018-01-26T13:09:07","date_gmt":"2018-01-26T13:09:07","guid":{"rendered":"http:\/\/www.autotruckservis.cz\/?page_id=309"},"modified":"2018-01-26T13:46:40","modified_gmt":"2018-01-26T13:46:40","slug":"kariera","status":"publish","type":"page","link":"https:\/\/www.autotruckservis.cz\/index.php\/kariera\/","title":{"rendered":"Kari\u00e9ra"},"content":{"rendered":"<p><u><strong>P\u0159ijmeme automechanika<\/strong><\/u><\/p>\n<p>Po\u017eadavky:<\/p>\n<ul>\n<li>Praxe v oboru opravy osobn\u00edch a n\u00e1kladn\u00edch automobil\u016f podm\u00ednkou<\/li>\n<li>\u0158idi\u010dsk\u00e9 opr\u00e1vn\u011bn\u00ed C,E podm\u00ednkou<\/li>\n<li>Trestn\u00ed bez\u00fahonnost<\/li>\n<li>Samostatnost<\/li>\n<li>Velmi dobr\u00e9 platov\u00e9 podm\u00ednky : 30000K\u010d<\/li>\n<li>\u017divotopis zas\u00edlejte na email\u00a0<a href=\"mailto:autotruckservis@seznam.cz\">autotruckservis@seznam.cz<\/a><\/li>\n<\/ul>\n","protected":false},"excerpt":{"rendered":"<p>P\u0159ijmeme automechanika Po\u017eadavky: Praxe v oboru opravy osobn\u00edch a n\u00e1kladn\u00edch automobil\u016f podm\u00ednkou \u0158idi\u010dsk\u00e9 opr\u00e1vn\u011bn\u00ed C,E podm\u00ednkou Trestn\u00ed bez\u00fahonnost Samostatnost Velmi dobr\u00e9 platov\u00e9 podm\u00ednky : 30000K\u010d \u017divotopis zas\u00edlejte na email\u00a0autotruckservis@seznam.cz<\/p>\n","protected":false},"author":1,"featured_media":0,"parent":0,"menu_order":0,"comment_status":"closed","ping_status":"closed","template":"fullwidth.php","meta":{"footnotes":""},"class_list":["post-309","page","type-page","status-publish","hentry"],"_links":{"self":[{"href":"https:\/\/www.autotruckservis.cz\/index.php\/wp-json\/wp\/v2\/pages\/309","targetHints":{"allow":["GET"]}}],"collection":[{"href":"https:\/\/www.autotruckservis.cz\/index.php\/wp-json\/wp\/v2\/pages"}],"about":[{"href":"https:\/\/www.autotruckservis.cz\/index.php\/wp-json\/wp\/v2\/types\/page"}],"author":[{"embeddable":true,"href":"https:\/\/www.autotruckservis.cz\/index.php\/wp-json\/wp\/v2\/users\/1"}],"replies":[{"embeddable":true,"href":"https:\/\/www.autotruckservis.cz\/index.php\/wp-json\/wp\/v2\/comments?post=309"}],"version-history":[{"count":2,"href":"https:\/\/www.autotruckservis.cz\/index.php\/wp-json\/wp\/v2\/pages\/309\/revisions"}],"predecessor-version":[{"id":352,"href":"https:\/\/www.autotruckservis.cz\/index.php\/wp-json\/wp\/v2\/pages\/309\/revisions\/352"}],"wp:attachment":[{"href":"https:\/\/www.autotruckservis.cz\/index.php\/wp-json\/wp\/v2\/media?parent=309"}],"curies":[{"name":"wp","href":"https:\/\/api.w.org\/{rel}","templated":true}]}}