{"id":306,"date":"2018-01-26T13:08:48","date_gmt":"2018-01-26T13:08:48","guid":{"rendered":"http:\/\/www.autotruckservis.cz\/?page_id=306"},"modified":"2018-01-26T14:16:23","modified_gmt":"2018-01-26T14:16:23","slug":"pujcovna-2","status":"publish","type":"page","link":"https:\/\/www.autotruckservis.cz\/index.php\/pujcovna-2\/","title":{"rendered":"P\u016fj\u010dovna"},"content":{"rendered":"<p><u><strong>Voz\u00edky (p\u0159\u00edv\u011bsy) za automobil <img loading=\"lazy\" decoding=\"async\" class=\" wp-image-375 alignright\" src=\"https:\/\/www.autotruckservis.cz\/wp-content\/uploads\/2018\/01\/tn_20130514_104512.jpg\" alt=\"\" width=\"169\" height=\"301\" \/><img loading=\"lazy\" decoding=\"async\" class=\"size-medium wp-image-372 alignright\" src=\"https:\/\/www.autotruckservis.cz\/wp-content\/uploads\/2018\/01\/20130414_154059-225x300.jpg\" alt=\"\" width=\"225\" height=\"300\" srcset=\"https:\/\/www.autotruckservis.cz\/wp-content\/uploads\/2018\/01\/20130414_154059-225x300.jpg 225w, https:\/\/www.autotruckservis.cz\/wp-content\/uploads\/2018\/01\/20130414_154059-768x1024.jpg 768w, https:\/\/www.autotruckservis.cz\/wp-content\/uploads\/2018\/01\/20130414_154059-300x400.jpg 300w\" sizes=\"auto, (max-width: 225px) 100vw, 225px\" \/> <img loading=\"lazy\" decoding=\"async\" class=\"size-medium wp-image-373 alignright\" src=\"https:\/\/www.autotruckservis.cz\/wp-content\/uploads\/2018\/01\/20130414_154538-225x300.jpg\" alt=\"\" width=\"225\" height=\"300\" srcset=\"https:\/\/www.autotruckservis.cz\/wp-content\/uploads\/2018\/01\/20130414_154538-225x300.jpg 225w, https:\/\/www.autotruckservis.cz\/wp-content\/uploads\/2018\/01\/20130414_154538-768x1024.jpg 768w, https:\/\/www.autotruckservis.cz\/wp-content\/uploads\/2018\/01\/20130414_154538-300x400.jpg 300w\" sizes=\"auto, (max-width: 225px) 100vw, 225px\" \/>\u00a0 <\/strong><\/u><br \/>\n\u2022 z\u00e1loha: 2 500,- K\u010d<br \/>\n\u2022 220,- K\u010d\/den<br \/>\n\u2022 rozm\u011br lo\u017en\u00e9 plochy 2530mm x 1270mm<br \/>\n\u2022 povolen\u00e1 hmotnost 1 250kg<\/p>\n<p><u><strong>St\u0159e\u0161n\u00ed boxy<\/strong><\/u><br \/>\n<u>&#8211; Neumann Whale 227<\/u><br \/>\nobjem: 270 litr\u016f, nostnost 50kg<br \/>\n\u2022 z\u00e1loha: 1500,- K\u010d<br \/>\n\u2022 100,- K\u010d\/den<br \/>\n\u2022 2-7 dn\u00ed: 70,- K\u010d\/den<br \/>\n\u2022 8 a v\u00edce dn\u00ed: 60,- K\u010d\/den<br \/>\n\u2022 v p\u0159\u00edpad\u011b pot\u0159eby mo\u017enost mont\u00e1\u017ee<br \/>\n\u2022 po domluv\u011b mo\u017enost prodeje<\/p>\n<p><u>&#8211; Neumann Whale 130<\/u><br \/>\nobjem: 300 litr\u016f, nosnost 50kg<br \/>\n\u2022 z\u00e1loha: 1 500,- K\u010d<br \/>\n\u2022 100,- K\u010d\/den<br \/>\n\u2022 2-7 dn\u00ed: 70,- K\u010d\/den<br \/>\n\u2022 8 a v\u00edce dn\u00ed: 60,- K\u010d\/den<br \/>\n\u2022 v p\u0159\u00edpad\u011b pot\u0159eby mo\u017enost mont\u00e1\u017ee<br \/>\n\u2022 po domluv\u011b mo\u017enost prodeje<\/p>\n<p><u><strong>Dr\u017e\u00e1ky na kola<\/strong><\/u><br \/>\n<u>&#8211; na ta\u017en\u00e9 za\u0159\u00edzen\u00ed pro 4 kola<\/u><br \/>\n\u2022 z\u00e1loha: 2 500,- K\u010d<br \/>\n\u2022 160,- K\u010d\/den<br \/>\n\u2022 2-7 dn\u00ed: 100,- K\u010d\/den<br \/>\n\u2022 8 a v\u00edce dn\u00ed: 90,- K\u010d\/den<br \/>\n\u2022 v p\u0159\u00edpad\u011b pot\u0159eby mo\u017enost mont\u00e1\u017ee<br \/>\n\u2022 po domluv\u011b mo\u017enost prodeje<\/p>\n<p><u>&#8211; na ta\u017en\u00e9 za\u0159\u00edzen\u00ed pro 2 kola<\/u><br \/>\n\u2022 z\u00e1loha: 2 500,- K\u010d<br \/>\n\u2022 140,- K\u010d\/den<br \/>\n\u2022 2-7 dn\u00ed: 90,- K\u010d\/den<br \/>\n\u2022 8 a v\u00edce dn\u00ed: 80,- K\u010d\/den<br \/>\n\u2022 v p\u0159\u00edpad\u011b pot\u0159eby mo\u017enost mont\u00e1\u017ee<br \/>\n\u2022 po domluv\u011b mo\u017enost prodeje<\/p>\n","protected":false},"excerpt":{"rendered":"<p>Voz\u00edky (p\u0159\u00edv\u011bsy) za automobil \u00a0 \u2022 z\u00e1loha: 2 500,- K\u010d \u2022 220,- K\u010d\/den \u2022 rozm\u011br lo\u017en\u00e9 plochy 2530mm x 1270mm \u2022 povolen\u00e1 hmotnost 1 250kg St\u0159e\u0161n\u00ed boxy &#8211; Neumann Whale 227 objem: 270 litr\u016f, nostnost 50kg \u2022 z\u00e1loha: 1500,- K\u010d \u2022 100,- K\u010d\/den \u2022 2-7 dn\u00ed: 70,- K\u010d\/den \u2022 8<a href=\"https:\/\/www.autotruckservis.cz\/index.php\/pujcovna-2\/\" class=\"read-more\">Read the Rest&#8230;<\/a><\/p>\n","protected":false},"author":1,"featured_media":0,"parent":0,"menu_order":0,"comment_status":"closed","ping_status":"closed","template":"fullwidth.php","meta":{"footnotes":""},"class_list":["post-306","page","type-page","status-publish","hentry"],"_links":{"self":[{"href":"https:\/\/www.autotruckservis.cz\/index.php\/wp-json\/wp\/v2\/pages\/306","targetHints":{"allow":["GET"]}}],"collection":[{"href":"https:\/\/www.autotruckservis.cz\/index.php\/wp-json\/wp\/v2\/pages"}],"about":[{"href":"https:\/\/www.autotruckservis.cz\/index.php\/wp-json\/wp\/v2\/types\/page"}],"author":[{"embeddable":true,"href":"https:\/\/www.autotruckservis.cz\/index.php\/wp-json\/wp\/v2\/users\/1"}],"replies":[{"embeddable":true,"href":"https:\/\/www.autotruckservis.cz\/index.php\/wp-json\/wp\/v2\/comments?post=306"}],"version-history":[{"count":6,"href":"https:\/\/www.autotruckservis.cz\/index.php\/wp-json\/wp\/v2\/pages\/306\/revisions"}],"predecessor-version":[{"id":378,"href":"https:\/\/www.autotruckservis.cz\/index.php\/wp-json\/wp\/v2\/pages\/306\/revisions\/378"}],"wp:attachment":[{"href":"https:\/\/www.autotruckservis.cz\/index.php\/wp-json\/wp\/v2\/media?parent=306"}],"curies":[{"name":"wp","href":"https:\/\/api.w.org\/{rel}","templated":true}]}}