{"id":29,"date":"2017-10-05T12:00:45","date_gmt":"2017-10-05T12:00:45","guid":{"rendered":"http:\/\/www.autotruckservis.cz\/?page_id=29"},"modified":"2018-01-26T13:50:52","modified_gmt":"2018-01-26T13:50:52","slug":"kontakty","status":"publish","type":"page","link":"https:\/\/www.autotruckservis.cz\/index.php\/kontakty\/","title":{"rendered":"Kontakty"},"content":{"rendered":"<table border=\"1\" cellspacing=\"1\" cellpadding=\"1\">\n<tbody>\n<tr>\n<td>Provozovna:<br \/>\nAuto Truck Servis s. r. o.<br \/>\nNa Hranici 14<br \/>\n586 01 JIHLAVA<\/td>\n<td>S\u00eddlo a koresponden\u010dn\u00ed adresa:<br \/>\nAuto Truck Servis s. r. o.<br \/>\n\u010cerven\u00e9 domky 51<br \/>\n586 01 JIHLAVA<\/td>\n<\/tr>\n<\/tbody>\n<\/table>\n<p>&nbsp;<\/p>\n<p><u><strong>Otev\u00edrac\u00ed doba<\/strong><\/u>: Po-P\u00e1 6:30 &#8211; 12:00 \u00a0a \u00a013:00 &#8211; 17:00, Sobota dle dohody<\/p>\n<p><u><strong>Servis<\/strong><\/u><strong>:\u00a0 <\/strong>tel.: 777 731 060, 774 773 546, +420\u00a0775 553 500(for English)<\/p>\n<p><u><strong>Pron\u00e1jem<\/strong><\/u><strong>: <\/strong>tel.: 777 731 060<\/p>\n<p><u><strong>P\u016fj\u010dovna<\/strong><\/u>:\u00a0 tel.: 775 553 500, 777 731 060<\/p>\n<p>email:\u00a0<a href=\"mailto:autotruckservis@seznam.cz\">autotruckservis@seznam.cz<\/a><br \/>\nI\u010c: 29270677<br \/>\nDI\u010c: CZ29270677<\/p>\n<p><iframe loading=\"lazy\" style=\"border: 0;\" src=\"https:\/\/www.google.com\/maps\/embed?pb=!1m18!1m12!1m3!1d2595.1325740949305!2d15.602731715884191!3d49.425307568575136!2m3!1f0!2f0!3f0!3m2!1i1024!2i768!4f13.1!3m3!1m2!1s0x470d1a918f61465f%3A0x7dc0e28c2a753650!2sNa+Hranici+44%2C+586+01+Jihlava!5e0!3m2!1scs!2scz!4v1516974523075\" width=\"600\" height=\"450\" frameborder=\"0\" allowfullscreen=\"allowfullscreen\"><\/iframe><\/p>\n<p>&nbsp;<\/p>\n","protected":false},"excerpt":{"rendered":"<p>Provozovna: Auto Truck Servis s. r. o. Na Hranici 14 586 01 JIHLAVA S\u00eddlo a koresponden\u010dn\u00ed adresa: Auto Truck Servis s. r. o. \u010cerven\u00e9 domky 51 586 01 JIHLAVA &nbsp; Otev\u00edrac\u00ed doba: Po-P\u00e1 6:30 &#8211; 12:00 \u00a0a \u00a013:00 &#8211; 17:00, Sobota dle dohody Servis:\u00a0 tel.: 777 731 060, 774 773<a href=\"https:\/\/www.autotruckservis.cz\/index.php\/kontakty\/\" class=\"read-more\">Read the Rest&#8230;<\/a><\/p>\n","protected":false},"author":1,"featured_media":0,"parent":0,"menu_order":0,"comment_status":"closed","ping_status":"closed","template":"fullwidth.php","meta":{"footnotes":""},"class_list":["post-29","page","type-page","status-publish","hentry"],"_links":{"self":[{"href":"https:\/\/www.autotruckservis.cz\/index.php\/wp-json\/wp\/v2\/pages\/29","targetHints":{"allow":["GET"]}}],"collection":[{"href":"https:\/\/www.autotruckservis.cz\/index.php\/wp-json\/wp\/v2\/pages"}],"about":[{"href":"https:\/\/www.autotruckservis.cz\/index.php\/wp-json\/wp\/v2\/types\/page"}],"author":[{"embeddable":true,"href":"https:\/\/www.autotruckservis.cz\/index.php\/wp-json\/wp\/v2\/users\/1"}],"replies":[{"embeddable":true,"href":"https:\/\/www.autotruckservis.cz\/index.php\/wp-json\/wp\/v2\/comments?post=29"}],"version-history":[{"count":15,"href":"https:\/\/www.autotruckservis.cz\/index.php\/wp-json\/wp\/v2\/pages\/29\/revisions"}],"predecessor-version":[{"id":356,"href":"https:\/\/www.autotruckservis.cz\/index.php\/wp-json\/wp\/v2\/pages\/29\/revisions\/356"}],"wp:attachment":[{"href":"https:\/\/www.autotruckservis.cz\/index.php\/wp-json\/wp\/v2\/media?parent=29"}],"curies":[{"name":"wp","href":"https:\/\/api.w.org\/{rel}","templated":true}]}}