{"id":2,"date":"2017-10-05T11:57:59","date_gmt":"2017-10-05T11:57:59","guid":{"rendered":"http:\/\/localhost\/wp\/wp481\/?page_id=2"},"modified":"2018-01-26T14:25:44","modified_gmt":"2018-01-26T14:25:44","slug":"sample-page","status":"publish","type":"page","link":"https:\/\/www.autotruckservis.cz\/index.php\/sample-page\/","title":{"rendered":"O n\u00e1s"},"content":{"rendered":"<p>Firma Auto Truck Servis byla zalo\u017eena v roce 2011 se zam\u011b\u0159en\u00edm na opravu a servis osobn\u00edch, u\u017eitkov\u00fdch a n\u00e1kladn\u00edch automobil\u016f v\u010detn\u011b vlek\u016f, p\u0159\u00edv\u011bs\u016f a n\u00e1v\u011bs\u016f. T\u00e9ho\u017e roku jsme p\u0159ikoupili nov\u00fd p\u011bti tunov\u00fd zved\u00e1k pro opravu a servis osobn\u00edch a dod\u00e1vkov\u00fdch vozidel.<\/p>\n<p>Auto servis v roce 2013 roz\u0161\u00ed\u0159il slu\u017eby o p\u016fj\u010dov\u00e1n\u00ed voz\u00edk\u016f (p\u0159\u00edv\u011bs\u016f) za osobn\u00ed automobil, prodej a p\u016fj\u010dov\u00e1n\u00ed st\u0159e\u0161n\u00edch box\u016f, dr\u017e\u00e1k\u016f j\u00edzdn\u00edch kol a prodej n\u00e1hradn\u00edch d\u00edl\u016f za zv\u00fdhodn\u011bn\u00e9 ceny.<\/p>\n<p>V roce 2014 jsme p\u0159ikoupili novou laserovou kamerovou GEOMETRII na m\u011b\u0159en\u00ed n\u00e1prav u osobn\u00edch,u\u017eitkov\u00fdch a n\u00e1kladn\u00edch automobil\u016f v\u010detn\u011b vlek\u016f,p\u0159\u00edv\u011bs\u016f a n\u00e1v\u011bs\u016f.<\/p>\n<p>Odborn\u011b vy\u0161kolen\u00fd person\u00e1l s dlouholet\u00fdmi zku\u0161enostmi v oboru V\u00e1m zaru\u010d\u00ed kvalitn\u00ed servisn\u00ed slu\u017eby a profesion\u00e1ln\u00ed p\u0159\u00edstup.<\/p>\n<p>V p\u0159\u00edpad\u011b jak\u00fdchkoli dotaz\u016f n\u00e1s nev\u00e1hejte kontaktovat.<\/p>\n<p><img loading=\"lazy\" decoding=\"async\" class=\" wp-image-325 alignleft\" src=\"https:\/\/www.autotruckservis.cz\/wp-content\/uploads\/2017\/10\/tn_20130414_153537.jpg\" alt=\"\" width=\"221\" height=\"296\" \/> <img loading=\"lazy\" decoding=\"async\" class=\" wp-image-326 alignleft\" src=\"https:\/\/www.autotruckservis.cz\/wp-content\/uploads\/2017\/10\/tn_20130417_092108.jpg\" alt=\"\" width=\"219\" height=\"293\" \/> <img loading=\"lazy\" decoding=\"async\" class=\" wp-image-327 alignleft\" src=\"https:\/\/www.autotruckservis.cz\/wp-content\/uploads\/2017\/10\/tn_20130417_093825.jpg\" alt=\"\" width=\"218\" height=\"292\" \/><\/p>\n<p><img loading=\"lazy\" decoding=\"async\" class=\"wp-image-384 alignleft\" src=\"https:\/\/www.autotruckservis.cz\/wp-content\/uploads\/2017\/10\/20130417_092220-225x300.jpg\" alt=\"\" width=\"220\" height=\"294\" srcset=\"https:\/\/www.autotruckservis.cz\/wp-content\/uploads\/2017\/10\/20130417_092220-225x300.jpg 225w, https:\/\/www.autotruckservis.cz\/wp-content\/uploads\/2017\/10\/20130417_092220-768x1024.jpg 768w, https:\/\/www.autotruckservis.cz\/wp-content\/uploads\/2017\/10\/20130417_092220-300x400.jpg 300w\" sizes=\"auto, (max-width: 220px) 100vw, 220px\" \/><\/p>\n<p>&nbsp;<\/p>\n<p>&nbsp;<\/p>\n<p>&nbsp;<\/p>\n<p>&nbsp;<\/p>\n<p>&nbsp;<\/p>\n<p>&nbsp;<\/p>\n<p>&nbsp;<\/p>\n<p>&nbsp;<\/p>\n<p>&nbsp;<\/p>\n","protected":false},"excerpt":{"rendered":"<p>Firma Auto Truck Servis byla zalo\u017eena v roce 2011 se zam\u011b\u0159en\u00edm na opravu a servis osobn\u00edch, u\u017eitkov\u00fdch a n\u00e1kladn\u00edch automobil\u016f v\u010detn\u011b vlek\u016f, p\u0159\u00edv\u011bs\u016f a n\u00e1v\u011bs\u016f. T\u00e9ho\u017e roku jsme p\u0159ikoupili nov\u00fd p\u011bti tunov\u00fd zved\u00e1k pro opravu a servis osobn\u00edch a dod\u00e1vkov\u00fdch vozidel. Auto servis v roce 2013 roz\u0161\u00ed\u0159il slu\u017eby o p\u016fj\u010dov\u00e1n\u00ed<a href=\"https:\/\/www.autotruckservis.cz\/index.php\/sample-page\/\" class=\"read-more\">Read the Rest&#8230;<\/a><\/p>\n","protected":false},"author":1,"featured_media":0,"parent":0,"menu_order":1,"comment_status":"closed","ping_status":"open","template":"fullwidth.php","meta":{"footnotes":""},"class_list":["post-2","page","type-page","status-publish","hentry"],"_links":{"self":[{"href":"https:\/\/www.autotruckservis.cz\/index.php\/wp-json\/wp\/v2\/pages\/2","targetHints":{"allow":["GET"]}}],"collection":[{"href":"https:\/\/www.autotruckservis.cz\/index.php\/wp-json\/wp\/v2\/pages"}],"about":[{"href":"https:\/\/www.autotruckservis.cz\/index.php\/wp-json\/wp\/v2\/types\/page"}],"author":[{"embeddable":true,"href":"https:\/\/www.autotruckservis.cz\/index.php\/wp-json\/wp\/v2\/users\/1"}],"replies":[{"embeddable":true,"href":"https:\/\/www.autotruckservis.cz\/index.php\/wp-json\/wp\/v2\/comments?post=2"}],"version-history":[{"count":21,"href":"https:\/\/www.autotruckservis.cz\/index.php\/wp-json\/wp\/v2\/pages\/2\/revisions"}],"predecessor-version":[{"id":385,"href":"https:\/\/www.autotruckservis.cz\/index.php\/wp-json\/wp\/v2\/pages\/2\/revisions\/385"}],"wp:attachment":[{"href":"https:\/\/www.autotruckservis.cz\/index.php\/wp-json\/wp\/v2\/media?parent=2"}],"curies":[{"name":"wp","href":"https:\/\/api.w.org\/{rel}","templated":true}]}}